{"id":2,"date":"2016-10-31T21:33:17","date_gmt":"2016-10-31T20:33:17","guid":{"rendered":"https:\/\/labrasseriestephanoise.com\/dynamique\/?page_id=2"},"modified":"2018-07-01T19:33:31","modified_gmt":"2018-07-01T17:33:31","slug":"actualite1","status":"publish","type":"page","link":"https:\/\/labrasseriestephanoise.com\/dynamique\/actualite1\/","title":{"rendered":"Actualit\u00e9-1"},"content":{"rendered":"<p><img decoding=\"async\" loading=\"lazy\" class=\"alignnone wp-image-100 size-medium\" src=\"https:\/\/labrasseriestephanoise.com\/dynamique\/wp-content\/uploads\/2016\/10\/Guinguette-2017-300x206.jpg\" alt=\"\" width=\"300\" height=\"206\" srcset=\"https:\/\/labrasseriestephanoise.com\/dynamique\/wp-content\/uploads\/2016\/10\/Guinguette-2017-300x206.jpg 300w, https:\/\/labrasseriestephanoise.com\/dynamique\/wp-content\/uploads\/2016\/10\/Guinguette-2017.jpg 430w\" sizes=\"(max-width: 300px) 85vw, 300px\" \/><\/p>\n<table>\n<tbody>\n<tr>\n<td>23\/24<\/p>\n<p>SEPT<\/p>\n<p>&nbsp;<\/td>\n<td colspan=\"3\">4\u00e8me \u00e9dition du Salon Verpibi\u00e8re<\/td>\n<\/tr>\n<tr>\n<td colspan=\"4\">Pour la 4\u00e8me ann\u00e9e cons\u00e9cutive, retrouvez nous en compagnie de nombreux brasseurs pour week-end de d\u00e9gustation.<\/td>\n<\/tr>\n<tr>\n<td colspan=\"4\"><a href=\"http:\/\/www.verpibiere.sitew.fr\/#Accueil.A\">En savoir +<\/a><\/td>\n<\/tr>\n<\/tbody>\n<\/table>\n<p>&nbsp;<\/p>\n","protected":false},"excerpt":{"rendered":"<p>23\/24 SEPT &nbsp; 4\u00e8me \u00e9dition du Salon Verpibi\u00e8re Pour la 4\u00e8me ann\u00e9e cons\u00e9cutive, retrouvez nous en compagnie de nombreux brasseurs pour week-end de d\u00e9gustation. En savoir + &nbsp;<\/p>\n","protected":false},"author":1,"featured_media":0,"parent":0,"menu_order":0,"comment_status":"closed","ping_status":"closed","template":"","meta":[],"_links":{"self":[{"href":"https:\/\/labrasseriestephanoise.com\/dynamique\/wp-json\/wp\/v2\/pages\/2"}],"collection":[{"href":"https:\/\/labrasseriestephanoise.com\/dynamique\/wp-json\/wp\/v2\/pages"}],"about":[{"href":"https:\/\/labrasseriestephanoise.com\/dynamique\/wp-json\/wp\/v2\/types\/page"}],"author":[{"embeddable":true,"href":"https:\/\/labrasseriestephanoise.com\/dynamique\/wp-json\/wp\/v2\/users\/1"}],"replies":[{"embeddable":true,"href":"https:\/\/labrasseriestephanoise.com\/dynamique\/wp-json\/wp\/v2\/comments?post=2"}],"version-history":[{"count":37,"href":"https:\/\/labrasseriestephanoise.com\/dynamique\/wp-json\/wp\/v2\/pages\/2\/revisions"}],"predecessor-version":[{"id":125,"href":"https:\/\/labrasseriestephanoise.com\/dynamique\/wp-json\/wp\/v2\/pages\/2\/revisions\/125"}],"wp:attachment":[{"href":"https:\/\/labrasseriestephanoise.com\/dynamique\/wp-json\/wp\/v2\/media?parent=2"}],"curies":[{"name":"wp","href":"https:\/\/api.w.org\/{rel}","templated":true}]}}