{"id":29,"date":"2017-01-16T13:56:21","date_gmt":"2017-01-16T12:56:21","guid":{"rendered":"http:\/\/brasserie-stephanoise.com\/dynamique\/?page_id=29"},"modified":"2023-06-02T14:35:31","modified_gmt":"2023-06-02T12:35:31","slug":"contact","status":"publish","type":"page","link":"https:\/\/labrasseriestephanoise.com\/dynamique\/contact\/","title":{"rendered":"Contact"},"content":{"rendered":"\n<div class=\"wpcf7 no-js\" id=\"wpcf7-f142-o1\" lang=\"fr-FR\" dir=\"ltr\">\n<div class=\"screen-reader-response\"><p role=\"status\" aria-live=\"polite\" aria-atomic=\"true\"><\/p> <ul><\/ul><\/div>\n<form action=\"\/dynamique\/wp-json\/wp\/v2\/pages\/29#wpcf7-f142-o1\" method=\"post\" class=\"wpcf7-form init\" aria-label=\"Formulaire de contact\" novalidate=\"novalidate\" data-status=\"init\">\n<div style=\"display: none;\">\n<input type=\"hidden\" name=\"_wpcf7\" value=\"142\" \/>\n<input type=\"hidden\" name=\"_wpcf7_version\" value=\"5.7.7\" \/>\n<input type=\"hidden\" name=\"_wpcf7_locale\" value=\"fr_FR\" \/>\n<input type=\"hidden\" name=\"_wpcf7_unit_tag\" value=\"wpcf7-f142-o1\" \/>\n<input type=\"hidden\" name=\"_wpcf7_container_post\" value=\"0\" \/>\n<input type=\"hidden\" name=\"_wpcf7_posted_data_hash\" value=\"\" \/>\n<input type=\"hidden\" name=\"_wpcf7_recaptcha_response\" value=\"\" \/>\n<\/div>\n<div class=\"contact-form\">\n\t<div class=\"row\">\n\t\t<div class=\"cell\">\n\t\t\t<p><label> Pr\u00e9nom<br \/>\n<span class=\"wpcf7-form-control-wrap\" data-name=\"your-firstname\"><input size=\"40\" class=\"wpcf7-form-control wpcf7-text\" aria-invalid=\"false\" value=\"\" type=\"text\" name=\"your-firstname\" \/><\/span> <\/label>\n\t\t\t<\/p>\n\t\t\t<p><label> Nom *<br \/>\n<span class=\"wpcf7-form-control-wrap\" data-name=\"your-lastname\"><input size=\"40\" class=\"wpcf7-form-control wpcf7-text wpcf7-validates-as-required\" aria-required=\"true\" aria-invalid=\"false\" value=\"\" type=\"text\" name=\"your-lastname\" \/><\/span> <\/label>\n\t\t\t<\/p>\n\t\t\t<p><label> T\u00e9l\u00e9phone<br \/>\n<span class=\"wpcf7-form-control-wrap\" data-name=\"your-phone\"><input size=\"40\" class=\"wpcf7-form-control wpcf7-text wpcf7-tel wpcf7-validates-as-tel\" aria-invalid=\"false\" value=\"\" type=\"tel\" name=\"your-phone\" \/><\/span> <\/label>\n\t\t\t<\/p>\n\t\t<\/div>\n\t\t<div class=\"cell\">\n\t\t\t<p><label> Adresse<br \/>\n<span class=\"wpcf7-form-control-wrap\" data-name=\"your-address\"><input size=\"40\" class=\"wpcf7-form-control wpcf7-text\" aria-invalid=\"false\" value=\"\" type=\"text\" name=\"your-address\" \/><\/span> <\/label>\n\t\t\t<\/p>\n\t\t\t<p><label> Code postal *<br \/>\n<span class=\"wpcf7-form-control-wrap\" data-name=\"your-zip\"><input size=\"40\" class=\"wpcf7-form-control wpcf7-text wpcf7-validates-as-required\" aria-required=\"true\" aria-invalid=\"false\" value=\"\" type=\"text\" name=\"your-zip\" \/><\/span> <\/label>\n\t\t\t<\/p>\n\t\t\t<p><label> Courriel *<br \/>\n<span class=\"wpcf7-form-control-wrap\" data-name=\"your-email\"><input size=\"40\" class=\"wpcf7-form-control wpcf7-text wpcf7-email wpcf7-validates-as-required wpcf7-validates-as-email\" aria-required=\"true\" aria-invalid=\"false\" value=\"\" type=\"email\" name=\"your-email\" \/><\/span> <\/label>\n\t\t\t<\/p>\n\t\t<\/div>\n\t<\/div>\n\t<div class=\"row\">\n\t\t<div class=\"cell\">\n\t\t\t<p><label> Votre message *<br \/>\n<span class=\"wpcf7-form-control-wrap\" data-name=\"your-message\"><textarea cols=\"40\" rows=\"10\" class=\"wpcf7-form-control wpcf7-textarea wpcf7-validates-as-required\" aria-required=\"true\" aria-invalid=\"false\" name=\"your-message\"><\/textarea><\/span> <\/label>\n\t\t\t<\/p>\n\t\t<\/div>\n\t\t<div class=\"cell cell-fit\">\n\t\t\t<p><label><span class=\"wpcf7-form-control-wrap\" data-name=\"your-consent\"><span class=\"wpcf7-form-control wpcf7-acceptance optional\"><span class=\"wpcf7-list-item\"><label><input type=\"checkbox\" name=\"your-consent\" value=\"1\" aria-invalid=\"false\" \/><span class=\"wpcf7-list-item-label\">S'inscrire \u00e0 la newsletter<\/span><\/label><\/span><\/span><\/span><\/label>\n\t\t\t<\/p>\n\t\t\t<p><input class=\"wpcf7-form-control has-spinner wpcf7-submit\" type=\"submit\" value=\"Envoyer\" \/>\n\t\t\t<\/p>\n\t\t<\/div>\n\t<\/div>\n<\/div>\n<style>\n.contact-form { display: flex; flex-direction: column; width: 100%; gap: 15px; }\n.contact-form .row { display: flex; flex-direction: row; gap: 40px; }\n.contact-form .row .cell { display: flex; flex-direction: column; width: 100%; gap: 15px; }\n.contact-form .row .cell.cell-fit { width: fit-content; white-space: nowrap; }\n.contact-form .row .cell p { margin:0; }\n.contact-form .row .cell input[type=\"text\"],\n.contact-form .row .cell input[type=\"email\"],\n.contact-form .row .cell input[type=\"tel\"] { margin-top: 5px; height: 30px; }\n.contact-form .row .cell textarea { margin-top: 5px; min-height: 100px; height: 100px; }\n@media only screen and (max-width: 768px) {\n\t.contact-form .row { flex-direction: column; gap: 15px; }\n\t.contact-form .row .cell,\n\t.contact-form .row .cell.cell-fit { width: 100%; }\n}\n.wpcf7-response-output { color: #000; }\n<\/style><div class=\"wpcf7-response-output\" aria-hidden=\"true\"><\/div>\n<\/form>\n<\/div>\n\n<p><span style=\"color: #333333;\">Particuliers et professionnels, pour toute question, demande d\u2019informations ou de devis\u00a0n\u2019h\u00e9sitez pas \u00e0 nous contacter via le formulaire ci-dessus.<\/span><br \/>\n<span style=\"color: #333333;\"> Attention, les champs qui sont marqu\u00e9s par une ast\u00e9risque (*) doivent obligatoirement \u00eatre compl\u00e9t\u00e9s.<\/span><\/p>\n","protected":false},"excerpt":{"rendered":"<p>Particuliers et professionnels, pour toute question, demande d\u2019informations ou de devis\u00a0n\u2019h\u00e9sitez pas \u00e0 nous contacter via le formulaire ci-dessus. Attention, les champs qui sont marqu\u00e9s par une ast\u00e9risque (*) doivent obligatoirement \u00eatre compl\u00e9t\u00e9s.<\/p>\n","protected":false},"author":1,"featured_media":0,"parent":0,"menu_order":0,"comment_status":"closed","ping_status":"closed","template":"","meta":[],"_links":{"self":[{"href":"https:\/\/labrasseriestephanoise.com\/dynamique\/wp-json\/wp\/v2\/pages\/29"}],"collection":[{"href":"https:\/\/labrasseriestephanoise.com\/dynamique\/wp-json\/wp\/v2\/pages"}],"about":[{"href":"https:\/\/labrasseriestephanoise.com\/dynamique\/wp-json\/wp\/v2\/types\/page"}],"author":[{"embeddable":true,"href":"https:\/\/labrasseriestephanoise.com\/dynamique\/wp-json\/wp\/v2\/users\/1"}],"replies":[{"embeddable":true,"href":"https:\/\/labrasseriestephanoise.com\/dynamique\/wp-json\/wp\/v2\/comments?post=29"}],"version-history":[{"count":12,"href":"https:\/\/labrasseriestephanoise.com\/dynamique\/wp-json\/wp\/v2\/pages\/29\/revisions"}],"predecessor-version":[{"id":146,"href":"https:\/\/labrasseriestephanoise.com\/dynamique\/wp-json\/wp\/v2\/pages\/29\/revisions\/146"}],"wp:attachment":[{"href":"https:\/\/labrasseriestephanoise.com\/dynamique\/wp-json\/wp\/v2\/media?parent=29"}],"curies":[{"name":"wp","href":"https:\/\/api.w.org\/{rel}","templated":true}]}}