{"id":43,"date":"2017-03-05T11:02:03","date_gmt":"2017-03-05T10:02:03","guid":{"rendered":"http:\/\/brasserie-stephanoise.com\/dynamique\/?page_id=43"},"modified":"2018-07-01T19:33:34","modified_gmt":"2018-07-01T17:33:34","slug":"actualite2","status":"publish","type":"page","link":"https:\/\/labrasseriestephanoise.com\/dynamique\/actualite2\/","title":{"rendered":"Actualit\u00e9-2"},"content":{"rendered":"<p><img decoding=\"async\" loading=\"lazy\" class=\"alignnone wp-image-100 size-medium\" src=\"https:\/\/labrasseriestephanoise.com\/dynamique\/wp-content\/uploads\/2016\/10\/Guinguette-2017-300x206.jpg\" alt=\"\" width=\"300\" height=\"206\" srcset=\"https:\/\/labrasseriestephanoise.com\/dynamique\/wp-content\/uploads\/2016\/10\/Guinguette-2017-300x206.jpg 300w, https:\/\/labrasseriestephanoise.com\/dynamique\/wp-content\/uploads\/2016\/10\/Guinguette-2017.jpg 430w\" sizes=\"(max-width: 300px) 85vw, 300px\" \/><\/p>\n<table>\n<tbody>\n<tr>\n<td>23\/24<\/p>\n<p>SEPT<\/p>\n<p>&nbsp;<\/td>\n<td colspan=\"3\">4\u00e8me \u00e9dition du Salon Verpibi\u00e8re<\/td>\n<\/tr>\n<tr>\n<td colspan=\"4\">Pour la 4\u00e8me ann\u00e9e cons\u00e9cutive, retrouvez nous en compagnie de nombreux brasseurs pour week-end de d\u00e9gustation.<\/td>\n<\/tr>\n<tr>\n<td colspan=\"4\"><a href=\"http:\/\/www.verpibiere.sitew.fr\/#Accueil.A\">En savoir +<\/a><\/td>\n<\/tr>\n<\/tbody>\n<\/table>\n<p>&nbsp;<\/p>\n","protected":false},"excerpt":{"rendered":"<p>23\/24 SEPT &nbsp; 4\u00e8me \u00e9dition du Salon Verpibi\u00e8re Pour la 4\u00e8me ann\u00e9e cons\u00e9cutive, retrouvez nous en compagnie de nombreux brasseurs pour week-end de d\u00e9gustation. En savoir + &nbsp;<\/p>\n","protected":false},"author":1,"featured_media":0,"parent":0,"menu_order":0,"comment_status":"closed","ping_status":"closed","template":"","meta":[],"_links":{"self":[{"href":"https:\/\/labrasseriestephanoise.com\/dynamique\/wp-json\/wp\/v2\/pages\/43"}],"collection":[{"href":"https:\/\/labrasseriestephanoise.com\/dynamique\/wp-json\/wp\/v2\/pages"}],"about":[{"href":"https:\/\/labrasseriestephanoise.com\/dynamique\/wp-json\/wp\/v2\/types\/page"}],"author":[{"embeddable":true,"href":"https:\/\/labrasseriestephanoise.com\/dynamique\/wp-json\/wp\/v2\/users\/1"}],"replies":[{"embeddable":true,"href":"https:\/\/labrasseriestephanoise.com\/dynamique\/wp-json\/wp\/v2\/comments?post=43"}],"version-history":[{"count":19,"href":"https:\/\/labrasseriestephanoise.com\/dynamique\/wp-json\/wp\/v2\/pages\/43\/revisions"}],"predecessor-version":[{"id":124,"href":"https:\/\/labrasseriestephanoise.com\/dynamique\/wp-json\/wp\/v2\/pages\/43\/revisions\/124"}],"wp:attachment":[{"href":"https:\/\/labrasseriestephanoise.com\/dynamique\/wp-json\/wp\/v2\/media?parent=43"}],"curies":[{"name":"wp","href":"https:\/\/api.w.org\/{rel}","templated":true}]}}